{"id":3413,"date":"2021-08-16T03:34:54","date_gmt":"2021-08-16T03:34:54","guid":{"rendered":"https:\/\/orders.crto.on.ca\/responsibilities-disagreements\/"},"modified":"2024-11-13T16:09:12","modified_gmt":"2024-11-13T16:09:12","slug":"responsibilities-disagreements","status":"publish","type":"page","link":"https:\/\/orders.crto.on.ca\/fr\/responsibilities-disagreements\/","title":{"rendered":"Responsabilit\u00e9s du th\u00e9rapeute respiratoire li\u00e9es aux ordonnances"},"content":{"rendered":"<p>[et_pb_section fb_built=\u00a0\u00bb1&Prime; inner_shadow=\u00a0\u00bbon\u00a0\u00bb _builder_version=\u00a0\u00bb4.16&Prime; use_background_color_gradient=\u00a0\u00bbon\u00a0\u00bb background_color_gradient_direction=\u00a0\u00bb90deg\u00a0\u00bb background_color_gradient_stops=\u00a0\u00bb#ffffff 0%|rgba(255,255,255,0.3) 100%\u00a0\u00bb background_color_gradient_overlays_image=\u00a0\u00bbon\u00a0\u00bb background_color_gradient_start=\u00a0\u00bb#ffffff\u00a0\u00bb background_color_gradient_end=\u00a0\u00bbrgba(255,255,255,0.3)\u00a0\u00bb background_image=\u00a0\u00bbhttps:\/\/orders.crto.on.ca\/wp-content\/uploads\/sites\/13\/2021\/12\/disagreements.jpg\u00a0\u00bb custom_margin=\u00a0\u00bb||-6px|||\u00a0\u00bb custom_padding=\u00a0\u00bb50px||50px|\u00a0\u00bb border_width_bottom=\u00a0\u00bb3px\u00a0\u00bb border_color_bottom=\u00a0\u00bb#696BAE\u00a0\u00bb global_colors_info=\u00a0\u00bb{}\u00a0\u00bb][et_pb_row _builder_version=\u00a0\u00bb4.16&Prime; background_size=\u00a0\u00bbinitial\u00a0\u00bb background_position=\u00a0\u00bbtop_left\u00a0\u00bb background_repeat=\u00a0\u00bbrepeat\u00a0\u00bb custom_padding=\u00a0\u00bb100px||100px||true|false\u00a0\u00bb global_colors_info=\u00a0\u00bb{}\u00a0\u00bb][et_pb_column type=\u00a0\u00bb4_4&Prime; _builder_version=\u00a0\u00bb4.16&Prime; custom_padding=\u00a0\u00bb|||\u00a0\u00bb global_colors_info=\u00a0\u00bb{}\u00a0\u00bb custom_padding__hover=\u00a0\u00bb|||\u00a0\u00bb][et_pb_text admin_label=\u00a0\u00bbSTANDARD TITLE\u00a0\u00bb _builder_version=\u00a0\u00bb4.16&Prime; header_font=\u00a0\u00bb|||on|||||\u00a0\u00bb width=\u00a0\u00bb65%\u00a0\u00bb module_alignment=\u00a0\u00bbleft\u00a0\u00bb global_colors_info=\u00a0\u00bb{}\u00a0\u00bb]<\/p>\n<h1><strong>Responsabilit\u00e9s du th\u00e9rapeute respiratoire li\u00e9es aux ordonnances ET EN CAS DE D\u00c9SACCORD AVEC UNE ORDONNANCE<br \/><\/strong><\/h1>\n<p>[\/et_pb_text][\/et_pb_column][\/et_pb_row][\/et_pb_section][et_pb_section fb_built=\u00a0\u00bb1&Prime; _builder_version=\u00a0\u00bb4.16&Prime; _module_preset=\u00a0\u00bbdefault\u00a0\u00bb background_image=\u00a0\u00bbhttps:\/\/orders.crto.on.ca\/wp-content\/uploads\/sites\/13\/2021\/08\/crto-patternpurple-tall.jpg\u00a0\u00bb background_position=\u00a0\u00bbbottom_left\u00a0\u00bb border_width_top=\u00a0\u00bb3px\u00a0\u00bb border_color_top=\u00a0\u00bb#696bae\u00a0\u00bb border_width_bottom=\u00a0\u00bb3px\u00a0\u00bb border_color_bottom=\u00a0\u00bb#696bae\u00a0\u00bb collapsed=\u00a0\u00bboff\u00a0\u00bb global_colors_info=\u00a0\u00bb{}\u00a0\u00bb][et_pb_row column_structure=\u00a0\u00bb1_3,2_3&Prime; module_id=\u00a0\u00bbresponsibilities\u00a0\u00bb _builder_version=\u00a0\u00bb4.16&Prime; global_colors_info=\u00a0\u00bb{}\u00a0\u00bb][et_pb_column type=\u00a0\u00bb1_3&Prime; _builder_version=\u00a0\u00bb4.16&Prime; custom_padding=\u00a0\u00bb|||\u00a0\u00bb global_colors_info=\u00a0\u00bb{}\u00a0\u00bb custom_padding__hover=\u00a0\u00bb|||\u00a0\u00bb][et_pb_text admin_label=\u00a0\u00bbPerformance\u00a0\u00bb _builder_version=\u00a0\u00bb4.27.0&Prime; header_font_size=\u00a0\u00bb45px\u00a0\u00bb custom_margin=\u00a0\u00bb||10px|\u00a0\u00bb global_colors_info=\u00a0\u00bb{}\u00a0\u00bb]<\/p>\n<h2><strong>11. Responsabilit\u00e9s du th\u00e9rapeute respiratoire li\u00e9es aux ordonnances<\/strong><\/h2>\n<p>[\/et_pb_text][et_pb_divider show_divider=\u00a0\u00bboff\u00a0\u00bb disabled_on=\u00a0\u00bboff\u00a0\u00bb _builder_version=\u00a0\u00bb4.16&Prime; custom_margin=\u00a0\u00bb||15px|||\u00a0\u00bb custom_css_before=\u00a0\u00bbwidth: 130px; margin: auto;\u00a0\u00bb hide_on_mobile=\u00a0\u00bboff\u00a0\u00bb saved_tabs=\u00a0\u00bball\u00a0\u00bb global_colors_info=\u00a0\u00bb{}\u00a0\u00bb][\/et_pb_divider][\/et_pb_column][et_pb_column type=\u00a0\u00bb2_3&Prime; _builder_version=\u00a0\u00bb4.16&Prime; custom_padding=\u00a0\u00bb|||\u00a0\u00bb global_colors_info=\u00a0\u00bb{}\u00a0\u00bb custom_padding__hover=\u00a0\u00bb|||\u00a0\u00bb][et_pb_text admin_label=\u00a0\u00bbPerformance Expectations\u00a0\u00bb _builder_version=\u00a0\u00bb4.27.0&Prime; custom_padding=\u00a0\u00bb0px|||\u00a0\u00bb global_colors_info=\u00a0\u00bb{}\u00a0\u00bb]Lors de l\u2019ex\u00e9cution d\u2019un acte qui est autoris\u00e9 aux th\u00e9rapeutes respiratoires en vertu d\u2019une d\u00e9l\u00e9gation ou par l\u2019entremise d\u2019une exception ou d\u2019un acte qui fait partie du domaine public, le th\u00e9rapeute respiratoire doit tenir compte de ce qui suit :[\/et_pb_text][et_pb_blurb use_icon=\u00a0\u00bbon\u00a0\u00bb font_icon=\u00a0\u00bb&#x39;||divi||400&Prime; icon_color=\u00a0\u00bb#696bae\u00a0\u00bb icon_placement=\u00a0\u00bbleft\u00a0\u00bb _builder_version=\u00a0\u00bb4.16&Prime; animation_style=\u00a0\u00bbzoom\u00a0\u00bb global_colors_info=\u00a0\u00bb{}\u00a0\u00bb]<\/p>\n<p>Le <strong>champ d\u2019exercice<\/strong> professionnel de la th\u00e9rapie respiratoire;<\/p>\n<p>[\/et_pb_blurb][et_pb_blurb use_icon=\u00a0\u00bbon\u00a0\u00bb font_icon=\u00a0\u00bb&#x39;||divi||400&Prime; icon_color=\u00a0\u00bb#696bae\u00a0\u00bb icon_placement=\u00a0\u00bbleft\u00a0\u00bb _builder_version=\u00a0\u00bb4.16&Prime; animation_style=\u00a0\u00bbzoom\u00a0\u00bb global_colors_info=\u00a0\u00bb{}\u00a0\u00bb]<\/p>\n<p>Son propre champ d\u2019exercice (c.-\u00e0-d., ses comp\u00e9tences);<\/p>\n<p>[\/et_pb_blurb][et_pb_blurb use_icon=\u00a0\u00bbon\u00a0\u00bb font_icon=\u00a0\u00bb&#x39;||divi||400&Prime; icon_color=\u00a0\u00bb#696bae\u00a0\u00bb icon_placement=\u00a0\u00bbleft\u00a0\u00bb _builder_version=\u00a0\u00bb4.16&Prime; animation_style=\u00a0\u00bbzoom\u00a0\u00bb global_colors_info=\u00a0\u00bb{}\u00a0\u00bb]<\/p>\n<p>Son cadre de travail (h\u00f4pital, \u00e9tablissement communautaire) et les politiques de cet endroit;<\/p>\n<p>[\/et_pb_blurb][et_pb_blurb use_icon=\u00a0\u00bbon\u00a0\u00bb font_icon=\u00a0\u00bb&#x39;||divi||400&Prime; icon_color=\u00a0\u00bb#696bae\u00a0\u00bb icon_placement=\u00a0\u00bbleft\u00a0\u00bb _builder_version=\u00a0\u00bb4.16&Prime; animation_style=\u00a0\u00bbzoom\u00a0\u00bb global_colors_info=\u00a0\u00bb{}\u00a0\u00bb]<\/p>\n<p>Le fait qu\u2019il est autoris\u00e9 ou non \u00e0 ex\u00e9cuter l\u2019intervention (c.-\u00e0-d. qu\u2019il n\u2019y a pas de modalit\u00e9s et restrictions sur son certificat d\u2019inscription);<\/p>\n<p>[\/et_pb_blurb][et_pb_blurb use_icon=\u00a0\u00bbon\u00a0\u00bb font_icon=\u00a0\u00bb&#x39;||divi||400&Prime; icon_color=\u00a0\u00bb#696bae\u00a0\u00bb icon_placement=\u00a0\u00bbleft\u00a0\u00bb _builder_version=\u00a0\u00bb4.27.0&Prime; animation_style=\u00a0\u00bbzoom\u00a0\u00bb global_colors_info=\u00a0\u00bb{}\u00a0\u00bb]La mise en oeuvre de l\u2019ordonnance est dans l\u2019int\u00e9r\u00eat du patient ou client; et[\/et_pb_blurb][et_pb_blurb use_icon=\u00a0\u00bbon\u00a0\u00bb font_icon=\u00a0\u00bb&#x39;||divi||400&Prime; icon_color=\u00a0\u00bb#696bae\u00a0\u00bb icon_placement=\u00a0\u00bbleft\u00a0\u00bb _builder_version=\u00a0\u00bb4.27.0&Prime; animation_style=\u00a0\u00bbzoom\u00a0\u00bb global_colors_info=\u00a0\u00bb{}\u00a0\u00bb]<\/p>\n<p>Autres lois pertinentes (<em>Loi sur les h\u00f4pitaux publics, Loi sur les \u00e9tablissements de sant\u00e9 autonomes,<\/em> etc.).<\/p>\n<p>[\/et_pb_blurb][\/et_pb_column][\/et_pb_row][et_pb_row column_structure=\u00a0\u00bb1_3,2_3&Prime; module_id=\u00a0\u00bbdisagreement\u00a0\u00bb _builder_version=\u00a0\u00bb4.16&Prime; global_colors_info=\u00a0\u00bb{}\u00a0\u00bb][et_pb_column type=\u00a0\u00bb1_3&Prime; _builder_version=\u00a0\u00bb4.16&Prime; custom_padding=\u00a0\u00bb|||\u00a0\u00bb global_colors_info=\u00a0\u00bb{}\u00a0\u00bb custom_padding__hover=\u00a0\u00bb|||\u00a0\u00bb][et_pb_text admin_label=\u00a0\u00bbPerformance\u00a0\u00bb _builder_version=\u00a0\u00bb4.27.0&Prime; header_font_size=\u00a0\u00bb45px\u00a0\u00bb custom_margin=\u00a0\u00bb||10px|\u00a0\u00bb global_colors_info=\u00a0\u00bb{}\u00a0\u00bb]<\/p>\n<h2><strong>12. En cas de d\u00e9saccord avec une ordonnance<\/strong><\/h2>\n<p>[\/et_pb_text][et_pb_divider show_divider=\u00a0\u00bboff\u00a0\u00bb disabled_on=\u00a0\u00bboff\u00a0\u00bb _builder_version=\u00a0\u00bb4.16&Prime; custom_margin=\u00a0\u00bb||15px|||\u00a0\u00bb custom_css_before=\u00a0\u00bbwidth: 130px; margin: auto;\u00a0\u00bb hide_on_mobile=\u00a0\u00bboff\u00a0\u00bb saved_tabs=\u00a0\u00bball\u00a0\u00bb global_colors_info=\u00a0\u00bb{}\u00a0\u00bb][\/et_pb_divider][\/et_pb_column][et_pb_column type=\u00a0\u00bb2_3&Prime; _builder_version=\u00a0\u00bb4.16&Prime; custom_padding=\u00a0\u00bb|||\u00a0\u00bb global_colors_info=\u00a0\u00bb{}\u00a0\u00bb custom_padding__hover=\u00a0\u00bb|||\u00a0\u00bb][et_pb_text admin_label=\u00a0\u00bbPerformance Expectations\u00a0\u00bb _builder_version=\u00a0\u00bb4.27.0&Prime; custom_padding=\u00a0\u00bb0px|||\u00a0\u00bb global_colors_info=\u00a0\u00bb{}\u00a0\u00bb]<\/p>\n<p>Si un th\u00e9rapeute respiratoire re\u00e7oit une ordonnance d\u2019intervention qui, selon son jugement professionnel, n\u2019est pas dans l\u2019int\u00e9r\u00eat du patient ou client, il ne doit pas l\u2019ex\u00e9cuter et doit tenter de tous les moyens possibles de communiquer avec le prescripteur pour discuter de l\u2019ordonnance. Si, apr\u00e8s cette discussion, le th\u00e9rapeute respiratoire est toujours d\u2019avis que l\u2019ordonnance pourrait nuire au patient ou client, il doit absolument refuser de l\u2019ex\u00e9cuter, s\u2019assurer que le prescripteur est au courant que l\u2019ordonnance ne sera pas ex\u00e9cut\u00e9e et consigner tous les d\u00e9tails concernant sa d\u00e9cision.<\/p>\n<p>[\/et_pb_text][et_pb_text admin_label=\u00a0\u00bbNote\u00a0\u00bb _builder_version=\u00a0\u00bb4.27.0&Prime; _module_preset=\u00a0\u00bbdefault\u00a0\u00bb text_text_color=\u00a0\u00bb#ffffff\u00a0\u00bb background_color=\u00a0\u00bb#696bae\u00a0\u00bb custom_padding=\u00a0\u00bb35px|35px|35px|35px|true|true\u00a0\u00bb locked=\u00a0\u00bboff\u00a0\u00bb global_colors_info=\u00a0\u00bb{}\u00a0\u00bb]<\/p>\n<p>Pour obtenir de plus amples renseignements sur la consignation d\u2019un d\u00e9saccord, consultez les <span style=\"color: #ffffff;\"><a href=\"https:\/\/documentation.crto.on.ca\/documentation-standards\/#DocDisagreement\" style=\"color: #ffffff;\">l<span style=\"text-decoration: underline;\">ignes directrices de pratique professionnelle de l\u2019OTRO, intitul\u00e9es Documentation<\/span><\/a><\/span>.<\/p>\n<p>[\/et_pb_text][\/et_pb_column][\/et_pb_row][\/et_pb_section][et_pb_section fb_built=\u00a0\u00bb1&Prime; inner_shadow=\u00a0\u00bbon\u00a0\u00bb module_id=\u00a0\u00bbfootnote\u00a0\u00bb _builder_version=\u00a0\u00bb4.16&Prime; use_background_color_gradient=\u00a0\u00bbon\u00a0\u00bb background_color_gradient_type=\u00a0\u00bbcircular\u00a0\u00bb background_color_gradient_stops=\u00a0\u00bb#ffffff 53%|#ededed 100%\u00a0\u00bb background_color_gradient_start=\u00a0\u00bb#ffffff\u00a0\u00bb background_color_gradient_start_position=\u00a0\u00bb53%\u00a0\u00bb background_color_gradient_end=\u00a0\u00bb#ededed\u00a0\u00bb custom_padding=\u00a0\u00bb20px||20px|\u00a0\u00bb global_colors_info=\u00a0\u00bb{}\u00a0\u00bb][et_pb_row column_structure=\u00a0\u00bb1_2,1_2&Prime; _builder_version=\u00a0\u00bb4.16&Prime; global_colors_info=\u00a0\u00bb{}\u00a0\u00bb][et_pb_column type=\u00a0\u00bb1_2&Prime; _builder_version=\u00a0\u00bb4.16&Prime; custom_padding=\u00a0\u00bb|||\u00a0\u00bb global_colors_info=\u00a0\u00bb{}\u00a0\u00bb custom_padding__hover=\u00a0\u00bb|||\u00a0\u00bb][\/et_pb_column][et_pb_column type=\u00a0\u00bb1_2&Prime; _builder_version=\u00a0\u00bb4.16&Prime; custom_padding=\u00a0\u00bb|||\u00a0\u00bb global_colors_info=\u00a0\u00bb{}\u00a0\u00bb custom_padding__hover=\u00a0\u00bb|||\u00a0\u00bb][et_pb_button button_url=\u00a0\u00bb@ET-DC@eyJkeW5hbWljIjp0cnVlLCJjb250ZW50IjoicG9zdF9saW5rX3VybF9wYWdlIiwic2V0dGluZ3MiOnsicG9zdF9pZCI6IjMyODkifX0=@\u00a0\u00bb button_text=\u00a0\u00bbPr\u00e9c\u00e9dent\u00a0\u00bb button_alignment=\u00a0\u00bbright\u00a0\u00bb admin_label=\u00a0\u00bbPrevious\u00a0\u00bb _builder_version=\u00a0\u00bb4.16&Prime; _dynamic_attributes=\u00a0\u00bbbutton_url\u00a0\u00bb animation_style=\u00a0\u00bbfade\u00a0\u00bb global_colors_info=\u00a0\u00bb{}\u00a0\u00bb button_text_size__hover_enabled=\u00a0\u00bboff\u00a0\u00bb button_one_text_size__hover_enabled=\u00a0\u00bboff\u00a0\u00bb button_two_text_size__hover_enabled=\u00a0\u00bboff\u00a0\u00bb button_text_color__hover_enabled=\u00a0\u00bboff\u00a0\u00bb button_one_text_color__hover_enabled=\u00a0\u00bboff\u00a0\u00bb button_two_text_color__hover_enabled=\u00a0\u00bboff\u00a0\u00bb button_border_width__hover_enabled=\u00a0\u00bboff\u00a0\u00bb button_one_border_width__hover_enabled=\u00a0\u00bboff\u00a0\u00bb button_two_border_width__hover_enabled=\u00a0\u00bboff\u00a0\u00bb button_border_color__hover_enabled=\u00a0\u00bboff\u00a0\u00bb button_one_border_color__hover_enabled=\u00a0\u00bboff\u00a0\u00bb button_two_border_color__hover_enabled=\u00a0\u00bboff\u00a0\u00bb button_border_radius__hover_enabled=\u00a0\u00bboff\u00a0\u00bb button_one_border_radius__hover_enabled=\u00a0\u00bboff\u00a0\u00bb button_two_border_radius__hover_enabled=\u00a0\u00bboff\u00a0\u00bb button_letter_spacing__hover_enabled=\u00a0\u00bboff\u00a0\u00bb button_one_letter_spacing__hover_enabled=\u00a0\u00bboff\u00a0\u00bb button_two_letter_spacing__hover_enabled=\u00a0\u00bboff\u00a0\u00bb button_bg_color__hover_enabled=\u00a0\u00bboff\u00a0\u00bb button_one_bg_color__hover_enabled=\u00a0\u00bboff\u00a0\u00bb button_two_bg_color__hover_enabled=\u00a0\u00bboff\u00a0\u00bb][\/et_pb_button][\/et_pb_column][\/et_pb_row][\/et_pb_section]<\/p>\n","protected":false},"excerpt":{"rendered":"<p>Responsabilit\u00e9s du th\u00e9rapeute respiratoire li\u00e9es aux ordonnances ET EN CAS DE D\u00c9SACCORD AVEC UNE ORDONNANCE11. Responsabilit\u00e9s du th\u00e9rapeute respiratoire li\u00e9es aux ordonnancesLors de l\u2019ex\u00e9cution d\u2019un acte qui est autoris\u00e9 aux th\u00e9rapeutes respiratoires en vertu d\u2019une d\u00e9l\u00e9gation ou par l\u2019entremise d\u2019une exception ou d\u2019un acte qui fait partie du domaine public, le th\u00e9rapeute respiratoire doit tenir [&hellip;]<\/p>\n","protected":false},"author":6,"featured_media":0,"parent":0,"menu_order":0,"comment_status":"closed","ping_status":"closed","template":"","meta":{"_et_pb_use_builder":"on","_et_pb_old_content":"","_et_gb_content_width":"","footnotes":""},"class_list":["post-3413","page","type-page","status-publish","hentry"],"yoast_head":"<!-- This site is optimized with the Yoast SEO plugin v26.9 - https:\/\/yoast.com\/product\/yoast-seo-wordpress\/ -->\n<title>Responsabilit\u00e9s du th\u00e9rapeute respiratoire li\u00e9es aux ordonnances - Orders for Medical Care<\/title>\n<meta name=\"robots\" content=\"index, follow, max-snippet:-1, max-image-preview:large, max-video-preview:-1\" \/>\n<link rel=\"canonical\" href=\"https:\/\/orders.crto.on.ca\/fr\/responsibilities-disagreements\/\" \/>\n<meta property=\"og:locale\" content=\"fr_FR\" \/>\n<meta property=\"og:type\" content=\"article\" \/>\n<meta property=\"og:title\" content=\"Responsabilit\u00e9s du th\u00e9rapeute respiratoire li\u00e9es aux ordonnances - Orders for Medical Care\" \/>\n<meta property=\"og:description\" content=\"Responsabilit\u00e9s du th\u00e9rapeute respiratoire li\u00e9es aux ordonnances ET EN CAS DE D\u00c9SACCORD AVEC UNE ORDONNANCE11. Responsabilit\u00e9s du th\u00e9rapeute respiratoire li\u00e9es aux ordonnancesLors de l\u2019ex\u00e9cution d\u2019un acte qui est autoris\u00e9 aux th\u00e9rapeutes respiratoires en vertu d\u2019une d\u00e9l\u00e9gation ou par l\u2019entremise d\u2019une exception ou d\u2019un acte qui fait partie du domaine public, le th\u00e9rapeute respiratoire doit tenir [&hellip;]\" \/>\n<meta property=\"og:url\" content=\"https:\/\/orders.crto.on.ca\/fr\/responsibilities-disagreements\/\" \/>\n<meta property=\"og:site_name\" content=\"Orders for Medical Care\" \/>\n<meta property=\"article:modified_time\" content=\"2024-11-13T16:09:12+00:00\" \/>\n<meta name=\"twitter:card\" content=\"summary_large_image\" \/>\n<meta name=\"twitter:label1\" content=\"Est. reading time\" \/>\n\t<meta name=\"twitter:data1\" content=\"6 minutes\" \/>\n<script type=\"application\/ld+json\" class=\"yoast-schema-graph\">{\"@context\":\"https:\/\/schema.org\",\"@graph\":[{\"@type\":\"WebPage\",\"@id\":\"https:\/\/orders.crto.on.ca\/fr\/responsibilities-disagreements\/\",\"url\":\"https:\/\/orders.crto.on.ca\/fr\/responsibilities-disagreements\/\",\"name\":\"Responsabilit\u00e9s du th\u00e9rapeute respiratoire li\u00e9es aux ordonnances - Orders for Medical Care\",\"isPartOf\":{\"@id\":\"https:\/\/orders.crto.on.ca\/#website\"},\"datePublished\":\"2021-08-16T03:34:54+00:00\",\"dateModified\":\"2024-11-13T16:09:12+00:00\",\"breadcrumb\":{\"@id\":\"https:\/\/orders.crto.on.ca\/fr\/responsibilities-disagreements\/#breadcrumb\"},\"inLanguage\":\"fr-FR\",\"potentialAction\":[{\"@type\":\"ReadAction\",\"target\":[\"https:\/\/orders.crto.on.ca\/fr\/responsibilities-disagreements\/\"]}]},{\"@type\":\"BreadcrumbList\",\"@id\":\"https:\/\/orders.crto.on.ca\/fr\/responsibilities-disagreements\/#breadcrumb\",\"itemListElement\":[{\"@type\":\"ListItem\",\"position\":1,\"name\":\"Home\",\"item\":\"https:\/\/orders.crto.on.ca\/\"},{\"@type\":\"ListItem\",\"position\":2,\"name\":\"Responsabilit\u00e9s du th\u00e9rapeute respiratoire li\u00e9es aux ordonnances\"}]},{\"@type\":\"WebSite\",\"@id\":\"https:\/\/orders.crto.on.ca\/#website\",\"url\":\"https:\/\/orders.crto.on.ca\/\",\"name\":\"Orders for Medical Care\",\"description\":\"Just another CRTO MicroSites site\",\"potentialAction\":[{\"@type\":\"SearchAction\",\"target\":{\"@type\":\"EntryPoint\",\"urlTemplate\":\"https:\/\/orders.crto.on.ca\/?s={search_term_string}\"},\"query-input\":{\"@type\":\"PropertyValueSpecification\",\"valueRequired\":true,\"valueName\":\"search_term_string\"}}],\"inLanguage\":\"fr-FR\"}]}<\/script>\n<!-- \/ Yoast SEO plugin. -->","yoast_head_json":{"title":"Responsabilit\u00e9s du th\u00e9rapeute respiratoire li\u00e9es aux ordonnances - Orders for Medical Care","robots":{"index":"index","follow":"follow","max-snippet":"max-snippet:-1","max-image-preview":"max-image-preview:large","max-video-preview":"max-video-preview:-1"},"canonical":"https:\/\/orders.crto.on.ca\/fr\/responsibilities-disagreements\/","og_locale":"fr_FR","og_type":"article","og_title":"Responsabilit\u00e9s du th\u00e9rapeute respiratoire li\u00e9es aux ordonnances - Orders for Medical Care","og_description":"Responsabilit\u00e9s du th\u00e9rapeute respiratoire li\u00e9es aux ordonnances ET EN CAS DE D\u00c9SACCORD AVEC UNE ORDONNANCE11. Responsabilit\u00e9s du th\u00e9rapeute respiratoire li\u00e9es aux ordonnancesLors de l\u2019ex\u00e9cution d\u2019un acte qui est autoris\u00e9 aux th\u00e9rapeutes respiratoires en vertu d\u2019une d\u00e9l\u00e9gation ou par l\u2019entremise d\u2019une exception ou d\u2019un acte qui fait partie du domaine public, le th\u00e9rapeute respiratoire doit tenir [&hellip;]","og_url":"https:\/\/orders.crto.on.ca\/fr\/responsibilities-disagreements\/","og_site_name":"Orders for Medical Care","article_modified_time":"2024-11-13T16:09:12+00:00","twitter_card":"summary_large_image","twitter_misc":{"Est. reading time":"6 minutes"},"schema":{"@context":"https:\/\/schema.org","@graph":[{"@type":"WebPage","@id":"https:\/\/orders.crto.on.ca\/fr\/responsibilities-disagreements\/","url":"https:\/\/orders.crto.on.ca\/fr\/responsibilities-disagreements\/","name":"Responsabilit\u00e9s du th\u00e9rapeute respiratoire li\u00e9es aux ordonnances - Orders for Medical Care","isPartOf":{"@id":"https:\/\/orders.crto.on.ca\/#website"},"datePublished":"2021-08-16T03:34:54+00:00","dateModified":"2024-11-13T16:09:12+00:00","breadcrumb":{"@id":"https:\/\/orders.crto.on.ca\/fr\/responsibilities-disagreements\/#breadcrumb"},"inLanguage":"fr-FR","potentialAction":[{"@type":"ReadAction","target":["https:\/\/orders.crto.on.ca\/fr\/responsibilities-disagreements\/"]}]},{"@type":"BreadcrumbList","@id":"https:\/\/orders.crto.on.ca\/fr\/responsibilities-disagreements\/#breadcrumb","itemListElement":[{"@type":"ListItem","position":1,"name":"Home","item":"https:\/\/orders.crto.on.ca\/"},{"@type":"ListItem","position":2,"name":"Responsabilit\u00e9s du th\u00e9rapeute respiratoire li\u00e9es aux ordonnances"}]},{"@type":"WebSite","@id":"https:\/\/orders.crto.on.ca\/#website","url":"https:\/\/orders.crto.on.ca\/","name":"Orders for Medical Care","description":"Just another CRTO MicroSites site","potentialAction":[{"@type":"SearchAction","target":{"@type":"EntryPoint","urlTemplate":"https:\/\/orders.crto.on.ca\/?s={search_term_string}"},"query-input":{"@type":"PropertyValueSpecification","valueRequired":true,"valueName":"search_term_string"}}],"inLanguage":"fr-FR"}]}},"_links":{"self":[{"href":"https:\/\/orders.crto.on.ca\/fr\/wp-json\/wp\/v2\/pages\/3413","targetHints":{"allow":["GET"]}}],"collection":[{"href":"https:\/\/orders.crto.on.ca\/fr\/wp-json\/wp\/v2\/pages"}],"about":[{"href":"https:\/\/orders.crto.on.ca\/fr\/wp-json\/wp\/v2\/types\/page"}],"author":[{"embeddable":true,"href":"https:\/\/orders.crto.on.ca\/fr\/wp-json\/wp\/v2\/users\/6"}],"replies":[{"embeddable":true,"href":"https:\/\/orders.crto.on.ca\/fr\/wp-json\/wp\/v2\/comments?post=3413"}],"version-history":[{"count":7,"href":"https:\/\/orders.crto.on.ca\/fr\/wp-json\/wp\/v2\/pages\/3413\/revisions"}],"predecessor-version":[{"id":3557,"href":"https:\/\/orders.crto.on.ca\/fr\/wp-json\/wp\/v2\/pages\/3413\/revisions\/3557"}],"wp:attachment":[{"href":"https:\/\/orders.crto.on.ca\/fr\/wp-json\/wp\/v2\/media?parent=3413"}],"curies":[{"name":"wp","href":"https:\/\/api.w.org\/{rel}","templated":true}]}}