{"id":3381,"date":"2021-08-15T23:22:18","date_gmt":"2021-08-15T23:22:18","guid":{"rendered":"https:\/\/orders.crto.on.ca\/introduction\/"},"modified":"2024-10-23T16:18:54","modified_gmt":"2024-10-23T16:18:54","slug":"introduction","status":"publish","type":"page","link":"https:\/\/orders.crto.on.ca\/fr\/introduction\/","title":{"rendered":"Introduction"},"content":{"rendered":"<p>[et_pb_section fb_built=\u00a0\u00bb1&Prime; _builder_version=\u00a0\u00bb4.16&Prime; background_image=\u00a0\u00bbhttps:\/\/orders.crto.on.ca\/wp-content\/uploads\/sites\/13\/2021\/08\/crto-purplepattern-crop-2.jpg\u00a0\u00bb parallax=\u00a0\u00bbon\u00a0\u00bb parallax_method=\u00a0\u00bboff\u00a0\u00bb border_width_bottom=\u00a0\u00bb3px\u00a0\u00bb border_color_bottom=\u00a0\u00bb#696BAE\u00a0\u00bb global_colors_info=\u00a0\u00bb{}\u00a0\u00bb][et_pb_row _builder_version=\u00a0\u00bb4.16&Prime; background_size=\u00a0\u00bbinitial\u00a0\u00bb background_position=\u00a0\u00bbtop_left\u00a0\u00bb background_repeat=\u00a0\u00bbrepeat\u00a0\u00bb global_colors_info=\u00a0\u00bb{}\u00a0\u00bb][et_pb_column type=\u00a0\u00bb4_4&Prime; _builder_version=\u00a0\u00bb4.16&Prime; custom_padding=\u00a0\u00bb|||\u00a0\u00bb global_colors_info=\u00a0\u00bb{}\u00a0\u00bb custom_padding__hover=\u00a0\u00bb|||\u00a0\u00bb][et_pb_text admin_label=\u00a0\u00bbIntroduction Title\u00a0\u00bb _builder_version=\u00a0\u00bb4.16&Prime; module_alignment=\u00a0\u00bbleft\u00a0\u00bb global_colors_info=\u00a0\u00bb{}\u00a0\u00bb]<\/p>\n<h1><strong>INTRODUCTION<\/strong><\/h1>\n<p>[\/et_pb_text][\/et_pb_column][\/et_pb_row][\/et_pb_section][et_pb_section fb_built=\u00a0\u00bb1&Prime; custom_padding_last_edited=\u00a0\u00bbon|desktop\u00a0\u00bb _builder_version=\u00a0\u00bb4.16&Prime; module_alignment=\u00a0\u00bbcenter\u00a0\u00bb custom_padding=\u00a0\u00bb100px||100px||true|false\u00a0\u00bb custom_padding_tablet=\u00a0\u00bb\u00a0\u00bb custom_padding_phone=\u00a0\u00bb\u00a0\u00bb global_colors_info=\u00a0\u00bb{}\u00a0\u00bb][et_pb_row _builder_version=\u00a0\u00bb4.16&Prime; background_size=\u00a0\u00bbinitial\u00a0\u00bb background_position=\u00a0\u00bbtop_left\u00a0\u00bb background_repeat=\u00a0\u00bbrepeat\u00a0\u00bb global_colors_info=\u00a0\u00bb{}\u00a0\u00bb][et_pb_column type=\u00a0\u00bb4_4&Prime; _builder_version=\u00a0\u00bb4.16&Prime; custom_padding=\u00a0\u00bb|||\u00a0\u00bb global_colors_info=\u00a0\u00bb{}\u00a0\u00bb custom_padding__hover=\u00a0\u00bb|||\u00a0\u00bb][et_pb_text admin_label=\u00a0\u00bbIntroduction Text\u00a0\u00bb _builder_version=\u00a0\u00bb4.27.0&Prime; module_alignment=\u00a0\u00bbleft\u00a0\u00bb hover_enabled=\u00a0\u00bb0&Prime; global_colors_info=\u00a0\u00bb{}\u00a0\u00bb sticky_enabled=\u00a0\u00bb0&Prime;]<\/p>\n<p>L\u2019Ordre des th\u00e9rapeutes respiratoires de l\u2019Ontario (OTRO), par l\u2019entremise de l\u2019administration de la <a href=\"https:\/\/www.ontario.ca\/fr\/lois\/loi\/91r18\" target=\"_blank\" rel=\"noopener\"><em>Loi sur les professions de la sant\u00e9 r\u00e9glement\u00e9es<\/em> <\/a>(LPSR) et de la<a href=\"https:\/\/www.ontario.ca\/fr\/lois\/loi\/91r39\" target=\"_blank\" rel=\"noopener\"> <em>Loi sur les th\u00e9rapeutes respiratoires<\/em><\/a> (LTR), s\u2019est engag\u00e9 \u00e0 s\u2019assurer que ses membres fournissent \u00e0 la population des soins respiratoires de mani\u00e8re s\u00fbre et \u00e9thique.<\/p>\n<p>Les <em>Lignes directrices de pratique professionnelle Ordonnances de soins m\u00e9dicaux<\/em> ont \u00e9t\u00e9 \u00e9labor\u00e9es par l\u2019OTRO pour servir \u00e0 la fois l\u2019int\u00e9r\u00eat de la population et l\u2019int\u00e9r\u00eat des th\u00e9rapeutes respiratoires (TR) et s&rsquo;assurer que les professionnels de la sant\u00e9 qui ex\u00e9cutent des actes contr\u00f4l\u00e9s sont autoris\u00e9s \u00e0 le faire par la l\u00e9gislation, la r\u00e9glementation, les politiques, et les lignes directrices qui r\u00e9gissent la profession.<\/p>\n<p>Les professionnels de la sant\u00e9, comme les TR, sont autoris\u00e9s \u00e0 ex\u00e9cuter diff\u00e9rentes t\u00e2ches par l\u2019interm\u00e9diaire des m\u00e9canismes d\u2019autorisation suivants :<\/p>\n<p>[\/et_pb_text][et_pb_blurb use_icon=\u00a0\u00bbon\u00a0\u00bb font_icon=\u00a0\u00bb&#x39;||divi||400&Prime; icon_color=\u00a0\u00bb#696bae\u00a0\u00bb icon_placement=\u00a0\u00bbleft\u00a0\u00bb _builder_version=\u00a0\u00bb4.16&Prime; animation_style=\u00a0\u00bbzoom\u00a0\u00bb global_colors_info=\u00a0\u00bb{}\u00a0\u00bb]<\/p>\n<p>Actes contr\u00f4l\u00e9s autoris\u00e9s en vertu de la loi r\u00e9glementant leur profession (p. ex., la LTR);<\/p>\n<p>[\/et_pb_blurb][et_pb_blurb use_icon=\u00a0\u00bbon\u00a0\u00bb font_icon=\u00a0\u00bb&#x39;||divi||400&Prime; icon_color=\u00a0\u00bb#696bae\u00a0\u00bb icon_placement=\u00a0\u00bbleft\u00a0\u00bb _builder_version=\u00a0\u00bb4.16&Prime; animation_style=\u00a0\u00bbzoom\u00a0\u00bb global_colors_info=\u00a0\u00bb{}\u00a0\u00bb]<\/p>\n<p>Exceptions pr\u00e9vues par la LPSR;<\/p>\n<p>[\/et_pb_blurb][et_pb_blurb use_icon=\u00a0\u00bbon\u00a0\u00bb font_icon=\u00a0\u00bb&#x39;||divi||400&Prime; icon_color=\u00a0\u00bb#696bae\u00a0\u00bb icon_placement=\u00a0\u00bbleft\u00a0\u00bb _builder_version=\u00a0\u00bb4.16&Prime; animation_style=\u00a0\u00bbzoom\u00a0\u00bb global_colors_info=\u00a0\u00bb{}\u00a0\u00bb]<\/p>\n<p>D\u00e9l\u00e9gation de l\u2019ex\u00e9cution des actes contr\u00f4l\u00e9s; et<\/p>\n<p>[\/et_pb_blurb][et_pb_blurb use_icon=\u00a0\u00bbon\u00a0\u00bb font_icon=\u00a0\u00bb&#x39;||divi||400&Prime; icon_color=\u00a0\u00bb#696bae\u00a0\u00bb icon_placement=\u00a0\u00bbleft\u00a0\u00bb _builder_version=\u00a0\u00bb4.16&Prime; animation_style=\u00a0\u00bbzoom\u00a0\u00bb global_colors_info=\u00a0\u00bb{}\u00a0\u00bb]<\/p>\n<p>Domaine public.<\/p>\n<p>[\/et_pb_blurb][\/et_pb_column][\/et_pb_row][\/et_pb_section][et_pb_section fb_built=\u00a0\u00bb1&Prime; inner_shadow=\u00a0\u00bbon\u00a0\u00bb module_id=\u00a0\u00bbfootnote\u00a0\u00bb _builder_version=\u00a0\u00bb4.16&Prime; use_background_color_gradient=\u00a0\u00bbon\u00a0\u00bb background_color_gradient_type=\u00a0\u00bbcircular\u00a0\u00bb background_color_gradient_stops=\u00a0\u00bb#ffffff 53%|#ededed 100%\u00a0\u00bb background_color_gradient_start=\u00a0\u00bb#ffffff\u00a0\u00bb background_color_gradient_start_position=\u00a0\u00bb53%\u00a0\u00bb background_color_gradient_end=\u00a0\u00bb#ededed\u00a0\u00bb custom_padding=\u00a0\u00bb20px||20px|\u00a0\u00bb global_colors_info=\u00a0\u00bb{}\u00a0\u00bb][et_pb_row column_structure=\u00a0\u00bb1_2,1_4,1_4&Prime; _builder_version=\u00a0\u00bb4.16&Prime; global_colors_info=\u00a0\u00bb{}\u00a0\u00bb][et_pb_column type=\u00a0\u00bb1_2&Prime; _builder_version=\u00a0\u00bb4.16&Prime; custom_padding=\u00a0\u00bb|||\u00a0\u00bb global_colors_info=\u00a0\u00bb{}\u00a0\u00bb custom_padding__hover=\u00a0\u00bb|||\u00a0\u00bb][\/et_pb_column][et_pb_column type=\u00a0\u00bb1_4&Prime; _builder_version=\u00a0\u00bb4.16&Prime; custom_padding=\u00a0\u00bb|||\u00a0\u00bb global_colors_info=\u00a0\u00bb{}\u00a0\u00bb custom_padding__hover=\u00a0\u00bb|||\u00a0\u00bb][\/et_pb_column][et_pb_column type=\u00a0\u00bb1_4&Prime; _builder_version=\u00a0\u00bb4.16&Prime; custom_padding=\u00a0\u00bb|||\u00a0\u00bb global_colors_info=\u00a0\u00bb{}\u00a0\u00bb custom_padding__hover=\u00a0\u00bb|||\u00a0\u00bb][et_pb_button button_url=\u00a0\u00bb@ET-DC@eyJkeW5hbWljIjp0cnVlLCJjb250ZW50IjoicG9zdF9saW5rX3VybF9wYWdlIiwic2V0dGluZ3MiOnsicG9zdF9pZCI6IjIyMzUifX0=@\u00a0\u00bb button_text=\u00a0\u00bbSuivant\u00a0\u00bb button_alignment=\u00a0\u00bbleft\u00a0\u00bb admin_label=\u00a0\u00bbNext\u00a0\u00bb _builder_version=\u00a0\u00bb4.16&Prime; _dynamic_attributes=\u00a0\u00bbbutton_url\u00a0\u00bb animation_style=\u00a0\u00bbfade\u00a0\u00bb global_colors_info=\u00a0\u00bb{}\u00a0\u00bb button_text_size__hover_enabled=\u00a0\u00bboff\u00a0\u00bb button_one_text_size__hover_enabled=\u00a0\u00bboff\u00a0\u00bb button_two_text_size__hover_enabled=\u00a0\u00bboff\u00a0\u00bb button_text_color__hover_enabled=\u00a0\u00bboff\u00a0\u00bb button_one_text_color__hover_enabled=\u00a0\u00bboff\u00a0\u00bb button_two_text_color__hover_enabled=\u00a0\u00bboff\u00a0\u00bb button_border_width__hover_enabled=\u00a0\u00bboff\u00a0\u00bb button_one_border_width__hover_enabled=\u00a0\u00bboff\u00a0\u00bb button_two_border_width__hover_enabled=\u00a0\u00bboff\u00a0\u00bb button_border_color__hover_enabled=\u00a0\u00bboff\u00a0\u00bb button_one_border_color__hover_enabled=\u00a0\u00bboff\u00a0\u00bb button_two_border_color__hover_enabled=\u00a0\u00bboff\u00a0\u00bb button_border_radius__hover_enabled=\u00a0\u00bboff\u00a0\u00bb button_one_border_radius__hover_enabled=\u00a0\u00bboff\u00a0\u00bb button_two_border_radius__hover_enabled=\u00a0\u00bboff\u00a0\u00bb button_letter_spacing__hover_enabled=\u00a0\u00bboff\u00a0\u00bb button_one_letter_spacing__hover_enabled=\u00a0\u00bboff\u00a0\u00bb button_two_letter_spacing__hover_enabled=\u00a0\u00bboff\u00a0\u00bb button_bg_color__hover_enabled=\u00a0\u00bboff\u00a0\u00bb button_one_bg_color__hover_enabled=\u00a0\u00bboff\u00a0\u00bb button_two_bg_color__hover_enabled=\u00a0\u00bboff\u00a0\u00bb][\/et_pb_button][\/et_pb_column][\/et_pb_row][\/et_pb_section]<\/p>\n","protected":false},"excerpt":{"rendered":"<p>INTRODUCTIONL\u2019Ordre des th\u00e9rapeutes respiratoires de l\u2019Ontario (OTRO), par l\u2019entremise de l\u2019administration de la Loi sur les professions de la sant\u00e9 r\u00e9glement\u00e9es (LPSR) et de la Loi sur les th\u00e9rapeutes respiratoires (LTR), s\u2019est engag\u00e9 \u00e0 s\u2019assurer que ses membres fournissent \u00e0 la population des soins respiratoires de mani\u00e8re s\u00fbre et \u00e9thique. Les Lignes directrices de pratique [&hellip;]<\/p>\n","protected":false},"author":6,"featured_media":0,"parent":0,"menu_order":0,"comment_status":"closed","ping_status":"closed","template":"","meta":{"_et_pb_use_builder":"on","_et_pb_old_content":"","_et_gb_content_width":"","footnotes":""},"class_list":["post-3381","page","type-page","status-publish","hentry"],"yoast_head":"<!-- This site is optimized with the Yoast SEO plugin v26.9 - https:\/\/yoast.com\/product\/yoast-seo-wordpress\/ -->\n<title>Introduction - Orders for Medical Care<\/title>\n<meta name=\"robots\" content=\"index, follow, max-snippet:-1, max-image-preview:large, max-video-preview:-1\" \/>\n<link rel=\"canonical\" href=\"https:\/\/orders.crto.on.ca\/fr\/introduction\/\" \/>\n<meta property=\"og:locale\" content=\"fr_FR\" \/>\n<meta property=\"og:type\" content=\"article\" \/>\n<meta property=\"og:title\" content=\"Introduction - Orders for Medical Care\" \/>\n<meta property=\"og:description\" content=\"INTRODUCTIONL\u2019Ordre des th\u00e9rapeutes respiratoires de l\u2019Ontario (OTRO), par l\u2019entremise de l\u2019administration de la Loi sur les professions de la sant\u00e9 r\u00e9glement\u00e9es (LPSR) et de la Loi sur les th\u00e9rapeutes respiratoires (LTR), s\u2019est engag\u00e9 \u00e0 s\u2019assurer que ses membres fournissent \u00e0 la population des soins respiratoires de mani\u00e8re s\u00fbre et \u00e9thique. Les Lignes directrices de pratique [&hellip;]\" \/>\n<meta property=\"og:url\" content=\"https:\/\/orders.crto.on.ca\/fr\/introduction\/\" \/>\n<meta property=\"og:site_name\" content=\"Orders for Medical Care\" \/>\n<meta property=\"article:modified_time\" content=\"2024-10-23T16:18:54+00:00\" \/>\n<meta name=\"twitter:card\" content=\"summary_large_image\" \/>\n<meta name=\"twitter:label1\" content=\"Est. reading time\" \/>\n\t<meta name=\"twitter:data1\" content=\"4 minutes\" \/>\n<script type=\"application\/ld+json\" class=\"yoast-schema-graph\">{\"@context\":\"https:\/\/schema.org\",\"@graph\":[{\"@type\":\"WebPage\",\"@id\":\"https:\/\/orders.crto.on.ca\/fr\/introduction\/\",\"url\":\"https:\/\/orders.crto.on.ca\/fr\/introduction\/\",\"name\":\"Introduction - Orders for Medical Care\",\"isPartOf\":{\"@id\":\"https:\/\/orders.crto.on.ca\/#website\"},\"datePublished\":\"2021-08-15T23:22:18+00:00\",\"dateModified\":\"2024-10-23T16:18:54+00:00\",\"breadcrumb\":{\"@id\":\"https:\/\/orders.crto.on.ca\/fr\/introduction\/#breadcrumb\"},\"inLanguage\":\"fr-FR\",\"potentialAction\":[{\"@type\":\"ReadAction\",\"target\":[\"https:\/\/orders.crto.on.ca\/fr\/introduction\/\"]}]},{\"@type\":\"BreadcrumbList\",\"@id\":\"https:\/\/orders.crto.on.ca\/fr\/introduction\/#breadcrumb\",\"itemListElement\":[{\"@type\":\"ListItem\",\"position\":1,\"name\":\"Home\",\"item\":\"https:\/\/orders.crto.on.ca\/\"},{\"@type\":\"ListItem\",\"position\":2,\"name\":\"Introduction\"}]},{\"@type\":\"WebSite\",\"@id\":\"https:\/\/orders.crto.on.ca\/#website\",\"url\":\"https:\/\/orders.crto.on.ca\/\",\"name\":\"Orders for Medical Care\",\"description\":\"Just another CRTO MicroSites site\",\"potentialAction\":[{\"@type\":\"SearchAction\",\"target\":{\"@type\":\"EntryPoint\",\"urlTemplate\":\"https:\/\/orders.crto.on.ca\/?s={search_term_string}\"},\"query-input\":{\"@type\":\"PropertyValueSpecification\",\"valueRequired\":true,\"valueName\":\"search_term_string\"}}],\"inLanguage\":\"fr-FR\"}]}<\/script>\n<!-- \/ Yoast SEO plugin. -->","yoast_head_json":{"title":"Introduction - Orders for Medical Care","robots":{"index":"index","follow":"follow","max-snippet":"max-snippet:-1","max-image-preview":"max-image-preview:large","max-video-preview":"max-video-preview:-1"},"canonical":"https:\/\/orders.crto.on.ca\/fr\/introduction\/","og_locale":"fr_FR","og_type":"article","og_title":"Introduction - Orders for Medical Care","og_description":"INTRODUCTIONL\u2019Ordre des th\u00e9rapeutes respiratoires de l\u2019Ontario (OTRO), par l\u2019entremise de l\u2019administration de la Loi sur les professions de la sant\u00e9 r\u00e9glement\u00e9es (LPSR) et de la Loi sur les th\u00e9rapeutes respiratoires (LTR), s\u2019est engag\u00e9 \u00e0 s\u2019assurer que ses membres fournissent \u00e0 la population des soins respiratoires de mani\u00e8re s\u00fbre et \u00e9thique. Les Lignes directrices de pratique [&hellip;]","og_url":"https:\/\/orders.crto.on.ca\/fr\/introduction\/","og_site_name":"Orders for Medical Care","article_modified_time":"2024-10-23T16:18:54+00:00","twitter_card":"summary_large_image","twitter_misc":{"Est. reading time":"4 minutes"},"schema":{"@context":"https:\/\/schema.org","@graph":[{"@type":"WebPage","@id":"https:\/\/orders.crto.on.ca\/fr\/introduction\/","url":"https:\/\/orders.crto.on.ca\/fr\/introduction\/","name":"Introduction - Orders for Medical Care","isPartOf":{"@id":"https:\/\/orders.crto.on.ca\/#website"},"datePublished":"2021-08-15T23:22:18+00:00","dateModified":"2024-10-23T16:18:54+00:00","breadcrumb":{"@id":"https:\/\/orders.crto.on.ca\/fr\/introduction\/#breadcrumb"},"inLanguage":"fr-FR","potentialAction":[{"@type":"ReadAction","target":["https:\/\/orders.crto.on.ca\/fr\/introduction\/"]}]},{"@type":"BreadcrumbList","@id":"https:\/\/orders.crto.on.ca\/fr\/introduction\/#breadcrumb","itemListElement":[{"@type":"ListItem","position":1,"name":"Home","item":"https:\/\/orders.crto.on.ca\/"},{"@type":"ListItem","position":2,"name":"Introduction"}]},{"@type":"WebSite","@id":"https:\/\/orders.crto.on.ca\/#website","url":"https:\/\/orders.crto.on.ca\/","name":"Orders for Medical Care","description":"Just another CRTO MicroSites site","potentialAction":[{"@type":"SearchAction","target":{"@type":"EntryPoint","urlTemplate":"https:\/\/orders.crto.on.ca\/?s={search_term_string}"},"query-input":{"@type":"PropertyValueSpecification","valueRequired":true,"valueName":"search_term_string"}}],"inLanguage":"fr-FR"}]}},"_links":{"self":[{"href":"https:\/\/orders.crto.on.ca\/fr\/wp-json\/wp\/v2\/pages\/3381","targetHints":{"allow":["GET"]}}],"collection":[{"href":"https:\/\/orders.crto.on.ca\/fr\/wp-json\/wp\/v2\/pages"}],"about":[{"href":"https:\/\/orders.crto.on.ca\/fr\/wp-json\/wp\/v2\/types\/page"}],"author":[{"embeddable":true,"href":"https:\/\/orders.crto.on.ca\/fr\/wp-json\/wp\/v2\/users\/6"}],"replies":[{"embeddable":true,"href":"https:\/\/orders.crto.on.ca\/fr\/wp-json\/wp\/v2\/comments?post=3381"}],"version-history":[{"count":2,"href":"https:\/\/orders.crto.on.ca\/fr\/wp-json\/wp\/v2\/pages\/3381\/revisions"}],"predecessor-version":[{"id":3531,"href":"https:\/\/orders.crto.on.ca\/fr\/wp-json\/wp\/v2\/pages\/3381\/revisions\/3531"}],"wp:attachment":[{"href":"https:\/\/orders.crto.on.ca\/fr\/wp-json\/wp\/v2\/media?parent=3381"}],"curies":[{"name":"wp","href":"https:\/\/api.w.org\/{rel}","templated":true}]}}