{"id":3374,"date":"2021-02-02T21:04:54","date_gmt":"2021-02-02T21:04:54","guid":{"rendered":"https:\/\/orders.crto.on.ca\/4-2\/"},"modified":"2024-10-23T18:24:54","modified_gmt":"2024-10-23T18:24:54","slug":"4-2","status":"publish","type":"page","link":"https:\/\/orders.crto.on.ca\/fr\/","title":{"rendered":"Home"},"content":{"rendered":"<p>[et_pb_section fb_built=\u00a0\u00bb1&Prime; fullwidth=\u00a0\u00bbon\u00a0\u00bb _builder_version=\u00a0\u00bb4.16&Prime; _module_preset=\u00a0\u00bbdefault\u00a0\u00bb background_image=\u00a0\u00bbhttps:\/\/orders.crto.on.ca\/wp-content\/uploads\/sites\/13\/2021\/12\/orders.jpg\u00a0\u00bb background_position=\u00a0\u00bbtop_center\u00a0\u00bb global_colors_info=\u00a0\u00bb{}\u00a0\u00bb][et_pb_fullwidth_header background_overlay_color=\u00a0\u00bbrgba(255,255,255,0.3)\u00a0\u00bb _builder_version=\u00a0\u00bb4.27.0&Prime; title_text_color=\u00a0\u00bb#696bae\u00a0\u00bb background_color=\u00a0\u00bbrgba(255, 255, 255, 0)\u00a0\u00bb use_background_color_gradient=\u00a0\u00bbon\u00a0\u00bb background_color_gradient_direction=\u00a0\u00bb90deg\u00a0\u00bb background_color_gradient_stops=\u00a0\u00bb#ffffff 0%|rgba(124,218,36,0) 100%\u00a0\u00bb background_color_gradient_start=\u00a0\u00bb#ffffff\u00a0\u00bb background_color_gradient_end=\u00a0\u00bbrgba(124,218,36,0)\u00a0\u00bb parallax=\u00a0\u00bbon\u00a0\u00bb max_width_tablet=\u00a0\u00bb50px\u00a0\u00bb hover_enabled=\u00a0\u00bb0&Prime; custom_css_main_element=\u00a0\u00bbpadding-top:200px;||padding-bottom:200px;\u00a0\u00bb global_colors_info=\u00a0\u00bb{}\u00a0\u00bb button_one_text_size__hover_enabled=\u00a0\u00bboff\u00a0\u00bb button_two_text_size__hover_enabled=\u00a0\u00bboff\u00a0\u00bb button_one_text_color__hover_enabled=\u00a0\u00bboff\u00a0\u00bb button_two_text_color__hover_enabled=\u00a0\u00bboff\u00a0\u00bb button_one_border_width__hover_enabled=\u00a0\u00bboff\u00a0\u00bb button_two_border_width__hover_enabled=\u00a0\u00bboff\u00a0\u00bb button_one_border_color__hover_enabled=\u00a0\u00bboff\u00a0\u00bb button_two_border_color__hover_enabled=\u00a0\u00bboff\u00a0\u00bb button_one_border_radius__hover_enabled=\u00a0\u00bboff\u00a0\u00bb button_two_border_radius__hover_enabled=\u00a0\u00bboff\u00a0\u00bb button_one_letter_spacing__hover_enabled=\u00a0\u00bboff\u00a0\u00bb button_two_letter_spacing__hover_enabled=\u00a0\u00bboff\u00a0\u00bb button_one_bg_color__hover_enabled=\u00a0\u00bboff\u00a0\u00bb button_two_bg_color__hover_enabled=\u00a0\u00bboff\u00a0\u00bb sticky_enabled=\u00a0\u00bb0&Prime;]<\/p>\n<h1 style=\"text-align: left;\"><span style=\"color: #696bae;\">Ordre des th\u00e9rapeutes<br \/>\nrespiratoires de l&rsquo;Ontario<\/span><\/h1>\n<p><span style=\"color: #696bae;\">\u00a0<\/span><\/p>\n<h1 style=\"text-align: left;\"><span style=\"font-size: 30pt;\"><b>ORDONNANCES DE SOINS M\u00c9DICAUX<br \/>\n<\/b><\/span><\/h1>\n<h1><b>Lignes directrices de pratique\u00a0 professionnelle<\/b><\/h1>\n<p>&nbsp;<\/p>\n<p>&nbsp;<\/p>\n<h3 style=\"text-align: left;\"><span style=\"color: #333333;\">octobre 2024<\/span><\/h3>\n<p>[\/et_pb_fullwidth_header][\/et_pb_section][et_pb_section fb_built=\u00a0\u00bb1&Prime; custom_padding_last_edited=\u00a0\u00bbon|phone\u00a0\u00bb disabled_on=\u00a0\u00bboff|off|\u00a0\u00bb module_class=\u00a0\u00bbno-bg-mobile\u00a0\u00bb _builder_version=\u00a0\u00bb4.16&Prime; background_color=\u00a0\u00bb#ffffff\u00a0\u00bb background_color_gradient_direction=\u00a0\u00bb1px\u00a0\u00bb background_enable_image=\u00a0\u00bboff\u00a0\u00bb background_position=\u00a0\u00bbbottom_center\u00a0\u00bb custom_padding=\u00a0\u00bb175px||185px||false|false\u00a0\u00bb custom_padding_tablet=\u00a0\u00bb50px||50px||true|false\u00a0\u00bb custom_padding_phone=\u00a0\u00bb25px||25px||true|false\u00a0\u00bb global_colors_info=\u00a0\u00bb{}\u00a0\u00bb][et_pb_row _builder_version=\u00a0\u00bb4.16&Prime; global_colors_info=\u00a0\u00bb{}\u00a0\u00bb][et_pb_column type=\u00a0\u00bb4_4&Prime; _builder_version=\u00a0\u00bb4.16&Prime; custom_padding=\u00a0\u00bb|||\u00a0\u00bb global_colors_info=\u00a0\u00bb{}\u00a0\u00bb custom_padding__hover=\u00a0\u00bb|||\u00a0\u00bb][et_pb_tabs active_tab_background_color=\u00a0\u00bb#696BAE\u00a0\u00bb active_tab_text_color=\u00a0\u00bb#ffffff\u00a0\u00bb _builder_version=\u00a0\u00bb4.27.0&Prime; background_color=\u00a0\u00bbrgba(255,255,255,0)\u00a0\u00bb hover_enabled=\u00a0\u00bb0&Prime; saved_tabs=\u00a0\u00bball\u00a0\u00bb global_colors_info=\u00a0\u00bb{}\u00a0\u00bb sticky_enabled=\u00a0\u00bb0&Prime;][et_pb_tab title=\u00a0\u00bbLIGNES DIRECTRICES\u00a0\u00bb _builder_version=\u00a0\u00bb4.27.0&Prime; body_font=\u00a0\u00bb||||||||\u00a0\u00bb tab_font=\u00a0\u00bb||||||||\u00a0\u00bb hover_enabled=\u00a0\u00bb0&Prime; global_colors_info=\u00a0\u00bb{}\u00a0\u00bb sticky_enabled=\u00a0\u00bb0&Prime;]<\/p>\n<h2 style=\"text-align: left;\"><span style=\"color: #019bd7;\"><strong><span style=\"color: #696bae;\">LIGNES DIRECTRICES DE PRATIQUE PROFESSIONNELLE<\/span><br \/><\/strong><\/span><\/h2>\n<p><!-- br--><\/p>\n<p>Les publications de l\u2019Ordre des th\u00e9rapeutes respiratoires de l\u2019Ontario contiennent des param\u00e8tres et des normes d\u2019exercice dont doivent tenir compte tous les th\u00e9rapeutes respiratoires de l\u2019Ontario lorsqu\u2019ils prodiguent des soins \u00e0 leurs patients ou clients et dans l\u2019exercice de la profession. Les publications de l\u2019OTRO sont con\u00e7ues en consultation avec les leaders de l\u2019exercice professionnel et d\u00e9crivent les attentes professionnelles actuelles. Il est important de souligner que l\u2019OTRO pourra avoir recours \u00e0 ces publications, de m\u00eame que d\u2019autres organismes de r\u00e9glementation, pour \u00e9tablir si l\u2019on a respect\u00e9 les normes de pratique et les responsabilit\u00e9s professionnelles.<\/p>\n<hr \/>\n<p>Il est important de noter que les employeurs pourraient avoir des politiques en mati\u00e8re d\u2019ordonnances de soins m\u00e9dicaux. Si les politiques d\u2019un employeur sont plus restrictives que les attentes de l\u2019OTRO, le th\u00e9rapeute respiratoire doit respecter les politiques de son employeur. Si la politique de l\u2019employeur est plus permissive que les attentes de l\u2019OTRO, le th\u00e9rapeute respiratoire doit alors se conformer aux attentes de l\u2019OTRO.<\/p>\n<p>[\/et_pb_tab][\/et_pb_tabs][et_pb_button button_url=\u00a0\u00bbhttp:\/\/www.crto.on.ca\/\u00a0\u00bb url_new_window=\u00a0\u00bbon\u00a0\u00bb button_text=\u00a0\u00bbRETOUR SUR LE SITE WEB DU L&rsquo;OTRO\u00a0\u00bb button_alignment=\u00a0\u00bbcenter\u00a0\u00bb disabled_on=\u00a0\u00bboff|off|off\u00a0\u00bb _builder_version=\u00a0\u00bb4.16&Prime; custom_button=\u00a0\u00bbon\u00a0\u00bb button_text_size=\u00a0\u00bb18&Prime; button_bg_color=\u00a0\u00bb#696bae\u00a0\u00bb custom_margin=\u00a0\u00bb45px|||\u00a0\u00bb saved_tabs=\u00a0\u00bball\u00a0\u00bb global_colors_info=\u00a0\u00bb{}\u00a0\u00bb button_text_size__hover_enabled=\u00a0\u00bboff\u00a0\u00bb button_one_text_size__hover_enabled=\u00a0\u00bboff\u00a0\u00bb button_two_text_size__hover_enabled=\u00a0\u00bboff\u00a0\u00bb button_text_color__hover_enabled=\u00a0\u00bboff\u00a0\u00bb button_one_text_color__hover_enabled=\u00a0\u00bboff\u00a0\u00bb button_two_text_color__hover_enabled=\u00a0\u00bboff\u00a0\u00bb button_border_width__hover_enabled=\u00a0\u00bboff\u00a0\u00bb button_one_border_width__hover_enabled=\u00a0\u00bboff\u00a0\u00bb button_two_border_width__hover_enabled=\u00a0\u00bboff\u00a0\u00bb button_border_color__hover_enabled=\u00a0\u00bboff\u00a0\u00bb button_one_border_color__hover_enabled=\u00a0\u00bboff\u00a0\u00bb button_two_border_color__hover_enabled=\u00a0\u00bboff\u00a0\u00bb button_border_radius__hover_enabled=\u00a0\u00bboff\u00a0\u00bb button_one_border_radius__hover_enabled=\u00a0\u00bboff\u00a0\u00bb button_two_border_radius__hover_enabled=\u00a0\u00bboff\u00a0\u00bb button_letter_spacing__hover_enabled=\u00a0\u00bboff\u00a0\u00bb button_one_letter_spacing__hover_enabled=\u00a0\u00bboff\u00a0\u00bb button_two_letter_spacing__hover_enabled=\u00a0\u00bboff\u00a0\u00bb button_bg_color__hover_enabled=\u00a0\u00bboff\u00a0\u00bb button_one_bg_color__hover_enabled=\u00a0\u00bboff\u00a0\u00bb button_two_bg_color__hover_enabled=\u00a0\u00bboff\u00a0\u00bb][\/et_pb_button][\/et_pb_column][\/et_pb_row][\/et_pb_section][et_pb_section fb_built=\u00a0\u00bb1&Prime; _builder_version=\u00a0\u00bb4.16&Prime; _module_preset=\u00a0\u00bbdefault\u00a0\u00bb use_background_color_gradient=\u00a0\u00bbon\u00a0\u00bb background_color_gradient_stops=\u00a0\u00bb#ffffff 40%|#e0e0e0 100%\u00a0\u00bb background_color_gradient_start=\u00a0\u00bb#ffffff\u00a0\u00bb background_color_gradient_start_position=\u00a0\u00bb40%\u00a0\u00bb background_color_gradient_end=\u00a0\u00bb#e0e0e0&Prime; border_width_top=\u00a0\u00bb3px\u00a0\u00bb border_color_top=\u00a0\u00bb#696bae\u00a0\u00bb global_colors_info=\u00a0\u00bb{}\u00a0\u00bb][et_pb_row _builder_version=\u00a0\u00bb4.16&Prime; _module_preset=\u00a0\u00bbdefault\u00a0\u00bb custom_padding=\u00a0\u00bb27px|||||\u00a0\u00bb global_colors_info=\u00a0\u00bb{}\u00a0\u00bb][et_pb_column type=\u00a0\u00bb4_4&Prime; _builder_version=\u00a0\u00bb4.16&Prime; _module_preset=\u00a0\u00bbdefault\u00a0\u00bb global_colors_info=\u00a0\u00bb{}\u00a0\u00bb][et_pb_text admin_label=\u00a0\u00bbGET IN TOUCH\u00a0\u00bb _builder_version=\u00a0\u00bb4.16&Prime; text_text_color=\u00a0\u00bb#696bae\u00a0\u00bb module_alignment=\u00a0\u00bbleft\u00a0\u00bb custom_padding=\u00a0\u00bb0px||0px|||\u00a0\u00bb border_style=\u00a0\u00bbsolid\u00a0\u00bb global_colors_info=\u00a0\u00bb{}\u00a0\u00bb]<\/p>\n<h2 style=\"text-align: left;\"><span><strong>QUESTIONS OU COMMENTAIRES?<\/strong><\/span><\/h2>\n<h2 style=\"text-align: left;\"><span style=\"color: #019bd7;\"><strong><span style=\"color: #696bae;\"><\/span><br \/><\/strong><\/span><\/h2>\n<p>[\/et_pb_text][et_pb_code admin_label=\u00a0\u00bbContact Form\u00a0\u00bb module_class=\u00a0\u00bbcontactform\u00a0\u00bb _builder_version=\u00a0\u00bb4.16&Prime; global_colors_info=\u00a0\u00bb{}\u00a0\u00bb]\n<div class=\"wpcf7 no-js\" id=\"wpcf7-f1014-o1\" lang=\"en-US\" dir=\"ltr\" data-wpcf7-id=\"1014\">\n<div class=\"screen-reader-response\"><p role=\"status\" aria-live=\"polite\" aria-atomic=\"true\"><\/p> <ul><\/ul><\/div>\n<form action=\"\/fr\/wp-json\/wp\/v2\/pages\/3374#wpcf7-f1014-o1\" method=\"post\" class=\"wpcf7-form init\" aria-label=\"Contact form\" novalidate=\"novalidate\" data-status=\"init\">\n<fieldset class=\"hidden-fields-container\"><input type=\"hidden\" name=\"_wpcf7\" value=\"1014\" \/><input type=\"hidden\" name=\"_wpcf7_version\" value=\"6.1.4\" \/><input type=\"hidden\" name=\"_wpcf7_locale\" value=\"en_US\" \/><input type=\"hidden\" name=\"_wpcf7_unit_tag\" value=\"wpcf7-f1014-o1\" \/><input type=\"hidden\" name=\"_wpcf7_container_post\" value=\"0\" \/><input type=\"hidden\" name=\"_wpcf7_posted_data_hash\" value=\"\" \/><input type=\"hidden\" name=\"_wpcf7_recaptcha_response\" value=\"\" \/>\n<\/fieldset>\n<p><span class=\"wpcf7-form-control-wrap\" data-name=\"your-name\"><input size=\"40\" maxlength=\"400\" class=\"wpcf7-form-control wpcf7-text wpcf7-validates-as-required\" aria-required=\"true\" aria-invalid=\"false\" placeholder=\"Nom\" value=\"\" type=\"text\" name=\"your-name\" \/><\/span>\n<\/p>\n<p><span class=\"wpcf7-form-control-wrap\" data-name=\"your-email\"><input size=\"40\" maxlength=\"400\" class=\"wpcf7-form-control wpcf7-email wpcf7-validates-as-required wpcf7-text wpcf7-validates-as-email\" aria-required=\"true\" aria-invalid=\"false\" placeholder=\"Courriel\" value=\"\" type=\"email\" name=\"your-email\" \/><\/span>\n<\/p>\n<p><span class=\"wpcf7-form-control-wrap\" data-name=\"your-message\"><textarea cols=\"40\" rows=\"10\" maxlength=\"2000\" class=\"wpcf7-form-control wpcf7-textarea wpcf7-validates-as-required\" aria-required=\"true\" aria-invalid=\"false\" placeholder=\"Message\" name=\"your-message\"><\/textarea><\/span>\n<\/p>\n<p><input class=\"wpcf7-form-control wpcf7-submit has-spinner et_pb_button\" type=\"submit\" value=\"Envoyer\" \/>\n<\/p><div class=\"wpcf7-response-output\" aria-hidden=\"true\"><\/div>\n<\/form>\n<\/div>\n[\/et_pb_code][et_pb_text _builder_version=\u00a0\u00bb4.16&Prime; _module_preset=\u00a0\u00bbdefault\u00a0\u00bb text_font_size=\u00a0\u00bb13px\u00a0\u00bb text_orientation=\u00a0\u00bbcenter\u00a0\u00bb custom_padding=\u00a0\u00bb||2px|||\u00a0\u00bb global_colors_info=\u00a0\u00bb{}\u00a0\u00bb]<\/p>\n<p class=\"p1\" style=\"text-align: left;\"><span class=\"s1\"><span>Les pr\u00e9sentes lignes directrices seront mises \u00e0 jour pour accompagner l\u2019\u00e9volution de la pratique et les faits nouveaux. Nous vous saurions gr\u00e9 de nous faire part de vos commentaires au sujet de ces lignes directrices en les adressant \u00e0 la :<\/span><br \/><\/span><strong>Conseill\u00e8re sur l\u2019exercice de la profession<\/strong><span>,\u00a0<\/span><span>Ordre des th\u00e9rapeutes respiratoires de l\u2019Ontario, 180, rue Dundas Ouest, bureau 2103, Toronto (Ontario) M5G 1Z8<\/span><br \/><span>T\u00e9l\u00e9phone 416-591-7800 | Sans frais 1-800-261-0528 | T\u00e9l\u00e9copieur 416-591-7890 | Courrie<\/span>l <a href=\"mailto:questions@crto.on.ca\">questions@crto.on.ca<\/a><\/p>\n<p>[\/et_pb_text][\/et_pb_column][\/et_pb_row][\/et_pb_section]<\/p>\n","protected":false},"excerpt":{"rendered":"<p>Ordre des th\u00e9rapeutes respiratoires de l&rsquo;Ontario \u00a0 ORDONNANCES DE SOINS M\u00c9DICAUX Lignes directrices de pratique\u00a0 professionnelle &nbsp; &nbsp; octobre 2024LIGNES DIRECTRICES DE PRATIQUE PROFESSIONNELLE Les publications de l\u2019Ordre des th\u00e9rapeutes respiratoires de l\u2019Ontario contiennent des param\u00e8tres et des normes d\u2019exercice dont doivent tenir compte tous les th\u00e9rapeutes respiratoires de l\u2019Ontario lorsqu\u2019ils prodiguent des soins \u00e0 [&hellip;]<\/p>\n","protected":false},"author":1,"featured_media":0,"parent":0,"menu_order":0,"comment_status":"closed","ping_status":"closed","template":"","meta":{"_et_pb_use_builder":"on","_et_pb_old_content":"","_et_gb_content_width":"","footnotes":""},"class_list":["post-3374","page","type-page","status-publish","hentry"],"yoast_head":"<!-- This site is optimized with the Yoast SEO plugin v26.9 - https:\/\/yoast.com\/product\/yoast-seo-wordpress\/ -->\n<title>Home - Orders for Medical Care<\/title>\n<meta name=\"robots\" content=\"index, follow, max-snippet:-1, max-image-preview:large, max-video-preview:-1\" \/>\n<link rel=\"canonical\" href=\"https:\/\/orders.crto.on.ca\/\" \/>\n<meta property=\"og:locale\" content=\"fr_FR\" \/>\n<meta property=\"og:type\" content=\"article\" \/>\n<meta property=\"og:title\" content=\"Home - Orders for Medical Care\" \/>\n<meta property=\"og:description\" content=\"Ordre des th\u00e9rapeutes respiratoires de l&#039;Ontario \u00a0 ORDONNANCES DE SOINS M\u00c9DICAUX Lignes directrices de pratique\u00a0 professionnelle &nbsp; &nbsp; octobre 2024LIGNES DIRECTRICES DE PRATIQUE PROFESSIONNELLE Les publications de l\u2019Ordre des th\u00e9rapeutes respiratoires de l\u2019Ontario contiennent des param\u00e8tres et des normes d\u2019exercice dont doivent tenir compte tous les th\u00e9rapeutes respiratoires de l\u2019Ontario lorsqu\u2019ils prodiguent des soins \u00e0 [&hellip;]\" \/>\n<meta property=\"og:url\" content=\"https:\/\/orders.crto.on.ca\/\" \/>\n<meta property=\"og:site_name\" content=\"Orders for Medical Care\" \/>\n<meta property=\"article:modified_time\" content=\"2024-10-23T18:24:54+00:00\" \/>\n<meta name=\"twitter:card\" content=\"summary_large_image\" \/>\n<meta name=\"twitter:label1\" content=\"Est. reading time\" \/>\n\t<meta name=\"twitter:data1\" content=\"2 minutes\" \/>\n<script type=\"application\/ld+json\" class=\"yoast-schema-graph\">{\"@context\":\"https:\/\/schema.org\",\"@graph\":[{\"@type\":\"WebPage\",\"@id\":\"https:\/\/orders.crto.on.ca\/\",\"url\":\"https:\/\/orders.crto.on.ca\/\",\"name\":\"Home - Orders for Medical Care\",\"isPartOf\":{\"@id\":\"https:\/\/orders.crto.on.ca\/#website\"},\"datePublished\":\"2021-02-02T21:04:54+00:00\",\"dateModified\":\"2024-10-23T18:24:54+00:00\",\"breadcrumb\":{\"@id\":\"https:\/\/orders.crto.on.ca\/#breadcrumb\"},\"inLanguage\":\"fr-FR\",\"potentialAction\":[{\"@type\":\"ReadAction\",\"target\":[\"https:\/\/orders.crto.on.ca\/\"]}]},{\"@type\":\"BreadcrumbList\",\"@id\":\"https:\/\/orders.crto.on.ca\/#breadcrumb\",\"itemListElement\":[{\"@type\":\"ListItem\",\"position\":1,\"name\":\"Home\",\"item\":\"https:\/\/orders.crto.on.ca\/\"},{\"@type\":\"ListItem\",\"position\":2,\"name\":\"Home\"}]},{\"@type\":\"WebSite\",\"@id\":\"https:\/\/orders.crto.on.ca\/#website\",\"url\":\"https:\/\/orders.crto.on.ca\/\",\"name\":\"Orders for Medical Care\",\"description\":\"Just another CRTO MicroSites site\",\"potentialAction\":[{\"@type\":\"SearchAction\",\"target\":{\"@type\":\"EntryPoint\",\"urlTemplate\":\"https:\/\/orders.crto.on.ca\/?s={search_term_string}\"},\"query-input\":{\"@type\":\"PropertyValueSpecification\",\"valueRequired\":true,\"valueName\":\"search_term_string\"}}],\"inLanguage\":\"fr-FR\"}]}<\/script>\n<!-- \/ Yoast SEO plugin. -->","yoast_head_json":{"title":"Home - Orders for Medical Care","robots":{"index":"index","follow":"follow","max-snippet":"max-snippet:-1","max-image-preview":"max-image-preview:large","max-video-preview":"max-video-preview:-1"},"canonical":"https:\/\/orders.crto.on.ca\/","og_locale":"fr_FR","og_type":"article","og_title":"Home - Orders for Medical Care","og_description":"Ordre des th\u00e9rapeutes respiratoires de l'Ontario \u00a0 ORDONNANCES DE SOINS M\u00c9DICAUX Lignes directrices de pratique\u00a0 professionnelle &nbsp; &nbsp; octobre 2024LIGNES DIRECTRICES DE PRATIQUE PROFESSIONNELLE Les publications de l\u2019Ordre des th\u00e9rapeutes respiratoires de l\u2019Ontario contiennent des param\u00e8tres et des normes d\u2019exercice dont doivent tenir compte tous les th\u00e9rapeutes respiratoires de l\u2019Ontario lorsqu\u2019ils prodiguent des soins \u00e0 [&hellip;]","og_url":"https:\/\/orders.crto.on.ca\/","og_site_name":"Orders for Medical Care","article_modified_time":"2024-10-23T18:24:54+00:00","twitter_card":"summary_large_image","twitter_misc":{"Est. reading time":"2 minutes"},"schema":{"@context":"https:\/\/schema.org","@graph":[{"@type":"WebPage","@id":"https:\/\/orders.crto.on.ca\/","url":"https:\/\/orders.crto.on.ca\/","name":"Home - Orders for Medical Care","isPartOf":{"@id":"https:\/\/orders.crto.on.ca\/#website"},"datePublished":"2021-02-02T21:04:54+00:00","dateModified":"2024-10-23T18:24:54+00:00","breadcrumb":{"@id":"https:\/\/orders.crto.on.ca\/#breadcrumb"},"inLanguage":"fr-FR","potentialAction":[{"@type":"ReadAction","target":["https:\/\/orders.crto.on.ca\/"]}]},{"@type":"BreadcrumbList","@id":"https:\/\/orders.crto.on.ca\/#breadcrumb","itemListElement":[{"@type":"ListItem","position":1,"name":"Home","item":"https:\/\/orders.crto.on.ca\/"},{"@type":"ListItem","position":2,"name":"Home"}]},{"@type":"WebSite","@id":"https:\/\/orders.crto.on.ca\/#website","url":"https:\/\/orders.crto.on.ca\/","name":"Orders for Medical Care","description":"Just another CRTO MicroSites site","potentialAction":[{"@type":"SearchAction","target":{"@type":"EntryPoint","urlTemplate":"https:\/\/orders.crto.on.ca\/?s={search_term_string}"},"query-input":{"@type":"PropertyValueSpecification","valueRequired":true,"valueName":"search_term_string"}}],"inLanguage":"fr-FR"}]}},"_links":{"self":[{"href":"https:\/\/orders.crto.on.ca\/fr\/wp-json\/wp\/v2\/pages\/3374","targetHints":{"allow":["GET"]}}],"collection":[{"href":"https:\/\/orders.crto.on.ca\/fr\/wp-json\/wp\/v2\/pages"}],"about":[{"href":"https:\/\/orders.crto.on.ca\/fr\/wp-json\/wp\/v2\/types\/page"}],"author":[{"embeddable":true,"href":"https:\/\/orders.crto.on.ca\/fr\/wp-json\/wp\/v2\/users\/1"}],"replies":[{"embeddable":true,"href":"https:\/\/orders.crto.on.ca\/fr\/wp-json\/wp\/v2\/comments?post=3374"}],"version-history":[{"count":6,"href":"https:\/\/orders.crto.on.ca\/fr\/wp-json\/wp\/v2\/pages\/3374\/revisions"}],"predecessor-version":[{"id":3548,"href":"https:\/\/orders.crto.on.ca\/fr\/wp-json\/wp\/v2\/pages\/3374\/revisions\/3548"}],"wp:attachment":[{"href":"https:\/\/orders.crto.on.ca\/fr\/wp-json\/wp\/v2\/media?parent=3374"}],"curies":[{"name":"wp","href":"https:\/\/api.w.org\/{rel}","templated":true}]}}